{"id":2451,"date":"2012-10-28T23:57:30","date_gmt":"2012-10-28T21:57:30","guid":{"rendered":"http:\/\/www.alteisenaufreisen.de\/?page_id=2451"},"modified":"2025-12-10T16:17:25","modified_gmt":"2025-12-10T14:17:25","slug":"vortrage","status":"publish","type":"page","link":"http:\/\/www.alteisenaufreisen.de\/?page_id=2451","title":{"rendered":"Vortr\u00e4ge und Ver\u00f6ffentlichungen"},"content":{"rendered":"<p>Von den gro\u00dfen Reisen durch Nord- und S\u00fcdamerika, in den Kaukasus, nach Kuba und Australien gibt es jeweils eine AudioVision-Show in HighDefinition. Ich zeige in ca. 90 min Bilder und Videos mit Live-Kommentar \u00fcber Reiseerlebnisse, Land und Leute aus mitlerweile \u00fcber 30 L\u00e4nder.<br>Die Vortr\u00e4ge haben die Titel:<!--more--><\/p>\n<p>Lateinamerika:<strong> &#8222;Bilder einer Reise \u00fcber die Wendekreise&#8220;<br><\/strong>Sechs Monate mit dem Motorrad durch 16 L\u00e4nder Lateinamerikas.<\/p>\n<p>Nordamerika:<strong> &#8220; Wir fahren nach Amerika&#8220;<\/strong><br>32.000km mit dem Motorrad von Bayern nach Alaska und zur\u00fcck<\/p>\n<p>Schwarzes Meer: <strong>&#8222;Einen Sommer lang&#8220;<\/strong><br>Karpaten &#8211; Schwarzes Meer &#8211; Kaukasus &#8211; Anatolien.<br>Eine Motorradreise durch 16 L\u00e4nder mit 14 Sprachen und 12 W\u00e4hrungen<\/p>\n<p>Kuba: &#8222;<strong>Kuba, die Perle der Karibik<\/strong>&#8222;<br>Ein Reisebericht in farbenfrohen Bildern von Menschen, St\u00e4dten und der reichen Natur, dazu eing\u00e4ngige kubanische Musik.<\/p>\n<p>Australien:<strong> &#8222;Mit dem Motorrad unterwegs im Land der roten Erde, der K\u00e4ngurus und Koalas&#8220;<br><\/strong>Einmal rund um den f\u00fcnften Kontinent und mitten in das rote Zentrum, durch spektakul\u00e4re Landschaften und begeisternden Begegnungen in Down Under.<\/p>\n<hr>\n<p>Alle Vortr\u00e4ge sind buchbar, wenn ich nicht gerade wieder auf gro\u00dfer Reise bin ;-).<\/p>\n<hr>\n<p><strong> Kontakt:<\/strong> paul(at)alteisenaufreisen.de<\/p>\n<hr>\n<p>Sehen Sie einen kurzen Ausschnitt aus dem ersten der Vortr\u00e4ge<\/p>\n<p><strong>&#8222;Bilder einer Reise \u00fcber die Wendekreise&#8220;<\/strong><\/p>\n\n\n<figure class=\"wp-block-embed is-type-video is-provider-youtube wp-block-embed-youtube wp-embed-aspect-16-9 wp-has-aspect-ratio\"><div class=\"wp-block-embed__wrapper\">\n<iframe title=\"alteisenaufreisen - Bilder einer Reise \u00fcber die Wendekreise\" width=\"525\" height=\"295\" src=\"https:\/\/www.youtube.com\/embed\/DuJfN8bd6R0?feature=oembed\" frameborder=\"0\" allow=\"accelerometer; autoplay; clipboard-write; encrypted-media; gyroscope; picture-in-picture; web-share\" referrerpolicy=\"strict-origin-when-cross-origin\" allowfullscreen><\/iframe>\n<\/div><\/figure>\n","protected":false},"excerpt":{"rendered":"<p>Von den gro\u00dfen Reisen durch Nord- und S\u00fcdamerika, in den Kaukasus, nach Kuba und Australien gibt es jeweils eine AudioVision-Show in HighDefinition. Ich zeige in ca. 90 min Bilder und Videos mit Live-Kommentar \u00fcber Reiseerlebnisse, Land und Leute aus mitlerweile \u00fcber 30 L\u00e4nder.Die Vortr\u00e4ge haben die Titel:<\/p>\n","protected":false},"author":2,"featured_media":0,"parent":0,"menu_order":0,"comment_status":"open","ping_status":"open","template":"","meta":{"ngg_post_thumbnail":0,"footnotes":""},"class_list":["post-2451","page","type-page","status-publish","hentry"],"jetpack_sharing_enabled":true,"_links":{"self":[{"href":"http:\/\/www.alteisenaufreisen.de\/index.php?rest_route=\/wp\/v2\/pages\/2451","targetHints":{"allow":["GET"]}}],"collection":[{"href":"http:\/\/www.alteisenaufreisen.de\/index.php?rest_route=\/wp\/v2\/pages"}],"about":[{"href":"http:\/\/www.alteisenaufreisen.de\/index.php?rest_route=\/wp\/v2\/types\/page"}],"author":[{"embeddable":true,"href":"http:\/\/www.alteisenaufreisen.de\/index.php?rest_route=\/wp\/v2\/users\/2"}],"replies":[{"embeddable":true,"href":"http:\/\/www.alteisenaufreisen.de\/index.php?rest_route=%2Fwp%2Fv2%2Fcomments&post=2451"}],"version-history":[{"count":48,"href":"http:\/\/www.alteisenaufreisen.de\/index.php?rest_route=\/wp\/v2\/pages\/2451\/revisions"}],"predecessor-version":[{"id":52033,"href":"http:\/\/www.alteisenaufreisen.de\/index.php?rest_route=\/wp\/v2\/pages\/2451\/revisions\/52033"}],"wp:attachment":[{"href":"http:\/\/www.alteisenaufreisen.de\/index.php?rest_route=%2Fwp%2Fv2%2Fmedia&parent=2451"}],"curies":[{"name":"wp","href":"https:\/\/api.w.org\/{rel}","templated":true}]}}