{"id":22,"date":"2010-09-13T19:01:30","date_gmt":"2010-09-13T19:01:30","guid":{"rendered":"http:\/\/www.alteisenaufreisen.de\/?page_id=22"},"modified":"2023-02-25T01:16:45","modified_gmt":"2023-02-24T23:16:45","slug":"22-2","status":"publish","type":"page","link":"https:\/\/www.alteisenaufreisen.de\/?page_id=22","title":{"rendered":"Ausr\u00fcstung"},"content":{"rendered":"<p>&#8212;&#8212;&#8212;&#8212;&#8212; seit 2012 &#8212;&#8212;&#8212;-<\/p>\n<p><strong>Motorrad<\/strong><\/p>\n<p>BMW R 1200 GS Adventure&nbsp; &#8211;&nbsp; Perla Negra II<\/p>\n<p><a href=\"http:\/\/www.alteisenaufreisen.de\/?attachment_id=4598\" rel=\"attachment wp-att-4598\"><img decoding=\"async\" data-attachment-id=\"4598\" data-permalink=\"https:\/\/www.alteisenaufreisen.de\/?attachment_id=4598\" data-orig-file=\"https:\/\/www.alteisenaufreisen.de\/wp-content\/uploads\/IMG_3491.jpg\" data-orig-size=\"1600,1200\" data-comments-opened=\"1\" data-image-meta=\"{&quot;aperture&quot;:&quot;2.2&quot;,&quot;credit&quot;:&quot;&quot;,&quot;camera&quot;:&quot;iPhone SE&quot;,&quot;caption&quot;:&quot;&quot;,&quot;created_timestamp&quot;:&quot;1504532558&quot;,&quot;copyright&quot;:&quot;&quot;,&quot;focal_length&quot;:&quot;4.15&quot;,&quot;iso&quot;:&quot;25&quot;,&quot;shutter_speed&quot;:&quot;0.00083333333333333&quot;,&quot;title&quot;:&quot;&quot;,&quot;orientation&quot;:&quot;0&quot;}\" data-image-title=\"Perla Negra II im Outback\" data-image-description=\"\" data-image-caption=\"\" data-large-file=\"https:\/\/www.alteisenaufreisen.de\/wp-content\/uploads\/IMG_3491-1440x1080.jpg\" class=\"aligncenter size-full wp-image-4598\" src=\"http:\/\/www.alteisenaufreisen.de\/wp-content\/uploads\/IMG_3491.jpg\" alt=\"\" width=\"1600\" height=\"1200\" srcset=\"https:\/\/www.alteisenaufreisen.de\/wp-content\/uploads\/IMG_3491.jpg 1600w, https:\/\/www.alteisenaufreisen.de\/wp-content\/uploads\/IMG_3491-800x600.jpg 800w, https:\/\/www.alteisenaufreisen.de\/wp-content\/uploads\/IMG_3491-768x576.jpg 768w, https:\/\/www.alteisenaufreisen.de\/wp-content\/uploads\/IMG_3491-1440x1080.jpg 1440w\" sizes=\"(max-width: 767px) 89vw, (max-width: 1000px) 54vw, (max-width: 1071px) 543px, 580px\" \/><\/a><\/p>\n<p>Baujahr:&nbsp;&nbsp;&nbsp;&nbsp;&nbsp;&nbsp;&nbsp; 2012<br \/>\nHubraum:&nbsp;&nbsp;&nbsp; 1170 cm\u00b3<br \/>\nLeistung:&nbsp;&nbsp;&nbsp;&nbsp; 81 \/ 110&nbsp; kW\/ PS<br \/>\nDrehmom.:&nbsp; 120 Nm bei 6.000 min<sup>\u22121<\/sup><\/p>\n<p>Kilometerstand: 168.000 km (Oktober 2022)<\/p>\n<hr>\n<p><strong>Foto- und Filmausr\u00fcstung:<\/strong><\/p>\n<p>Canon EOS 6 D mit Canon EF 24-105mm f\/4L IS und<br \/>\nCanon EF 70-200mm, dazu den<br \/>\nCanon Extender EF 1.4x III;<\/p>\n<p>Nikon 1 J5 mit NIKKOR VR 10-100 mm 1:4-5,6<\/p>\n<p>GoPro Hero 3 und HERO Session<\/p>\n<p><strong>Motorradbekleidung:<\/strong><\/p>\n<p>Jacke: Stadler <a href=\"https:\/\/www.stadler-bekleidung.de\/produktdetail-modul-evo\/jacke-tour-evo.html\" target=\"_blank\" rel=\"noopener\">Modul EVO Concept<\/a><\/p>\n<p>Hose: Stadler&nbsp;<a href=\"https:\/\/www.stadler-bekleidung.de\/produktdetail-modul-evo\/hose-invention-evo.html\" target=\"_blank\" rel=\"noopener\">Modul EVO Invention<\/a><\/p>\n<p>Goretex-Allzweck-Schn\u00fcrstiefel von <a title=\"HAIX Schuhe\" href=\"http:\/\/www.haix.de\/\" target=\"_blank\" rel=\"noopener\">HAIX<\/a> &#8211; ersetzten Motorradstiefel und sind gut f\u00fcr Bergtouren und in heftigem Regen<\/p>\n<p><strong>Eingepackt habe ich:<\/strong><\/p>\n<p>&#8211; warmen Schlafsack (f\u00fcr die kalten N\u00e4chte)<br \/>\n&#8211; Seidenschlafsack (man wei\u00df ja nie in welchen Betten man n\u00e4chtigen mu\u00df)<br \/>\n&#8211; Reiseapotheke f\u00fcr alle F\u00e4lle<br \/>\n&#8211; Klamotten f\u00fcr &#8218;dual use&#8216;<br \/>\n&#8211; lange Radlerhose &#8211; auch als sehr warme lange Unterhose nutzbar<br \/>\n&#8211; Radlertrikot &#8211; langarm &#8211; eines mit Windstopper und eines ohne Windstopper<br \/>\n&#8211; zwei Hosen (Jeans und Cargo-Hose mit abnehmbaren Beinen)<br \/>\n&#8211; T-shirts nur zwei, denn die kaufe ich immer wieder nach, es gibt unterwegs wirklich sch\u00f6ne.<br \/>\n&#8211; ein Hemd (Langarm)<br \/>\n&#8211; zwei Polo-Hemden<br \/>\n&#8211; einen d\u00fcnnen Pulli<br \/>\n&#8211; eine Fleecejacke<br \/>\n&#8211; lange Unterw\u00e4sche<br \/>\n&#8211; 4 Paar Socken<br \/>\n&#8211; zwei Unterhemden, Kurzarm<br \/>\n&#8211; 4 Unterhosen<br \/>\n&#8211; ein Paar Halbschuhe<br \/>\n&#8211; ein Paar Sandalen<br \/>\n&#8211; Toilettenbeutel, nicht zu heftig best\u00fcckt<\/p>\n<p><strong>Ich habe kein Zelt dabei<\/strong> &#8211; bin daher immer auf ein Dach \u00fcber dem Kopf angewiesen.<\/p>\n<hr>\n<p><strong>S\u00fcdamerika 2010\/2011<\/strong><\/p>\n<p>R 100 GS in schwarz &#8211; Perla Negra<\/p>\n<p><a href=\"http:\/\/www.alteisenaufreisen.de\/?attachment_id=1535\" rel=\"attachment wp-att-1535\"><img decoding=\"async\" data-attachment-id=\"1535\" data-permalink=\"https:\/\/www.alteisenaufreisen.de\/?attachment_id=1535\" data-orig-file=\"https:\/\/www.alteisenaufreisen.de\/wp-content\/uploads\/perla-negra-1-von-1.jpg\" data-orig-size=\"500,375\" data-comments-opened=\"1\" data-image-meta=\"{&quot;aperture&quot;:&quot;2.8&quot;,&quot;credit&quot;:&quot;&quot;,&quot;camera&quot;:&quot;iPhone 3GS&quot;,&quot;caption&quot;:&quot;&quot;,&quot;created_timestamp&quot;:&quot;1278433157&quot;,&quot;copyright&quot;:&quot;&quot;,&quot;focal_length&quot;:&quot;3.85&quot;,&quot;iso&quot;:&quot;125&quot;,&quot;shutter_speed&quot;:&quot;0.0666666666667&quot;,&quot;title&quot;:&quot;&quot;}\" data-image-title=\"Perla Negra\" data-image-description=\"\" data-image-caption=\"\" data-large-file=\"https:\/\/www.alteisenaufreisen.de\/wp-content\/uploads\/perla-negra-1-von-1-494x370.jpg\" class=\"aligncenter size-full wp-image-1535\" title=\"Perla Negra\" src=\"http:\/\/www.alteisenaufreisen.de\/wp-content\/uploads\/perla-negra-1-von-1.jpg\" alt=\"\" width=\"500\" height=\"375\" srcset=\"https:\/\/www.alteisenaufreisen.de\/wp-content\/uploads\/perla-negra-1-von-1.jpg 500w, https:\/\/www.alteisenaufreisen.de\/wp-content\/uploads\/perla-negra-1-von-1-188x141.jpg 188w, https:\/\/www.alteisenaufreisen.de\/wp-content\/uploads\/perla-negra-1-von-1-494x370.jpg 494w\" sizes=\"(max-width: 500px) 100vw, 500px\" \/><\/a><\/p>\n<p>Baujahr:&nbsp;&nbsp;&nbsp;&nbsp;&nbsp;&nbsp;&nbsp; 1992<br \/>\nHubraum:&nbsp;&nbsp;&nbsp; 980 cm\u00b3<br \/>\nLeistung:&nbsp;&nbsp;&nbsp;&nbsp; 44 \/ 60&nbsp; kW\/ PS<br \/>\nDrehmom.:&nbsp; 76 Nm bei 6.500 min<sup>\u22121<\/sup><\/p>\n<p>Das Fahrwerk wurde mit WILBERS Federn und Federbein modifiziert.<br \/>\nZudem hab ich an die Perla negra noch ein paar Teile von Touratech geschraubt:<br \/>\n&#8211;&nbsp;&nbsp; &nbsp;Lenkererh\u00f6hung und abgesenkte Fu\u00dfrasten f\u00fcr eine bequemere Sitzposition<br \/>\n&#8211;&nbsp;&nbsp; &nbsp;Einzelsitzbank f\u00fcr bessere Transportm\u00f6glichkeit<br \/>\n&#8211;&nbsp;&nbsp; &nbsp;ZEGA Alukoffer 29 l links und 35 l rechts mit Reservekanister 2 l<br \/>\n&#8211;&nbsp;&nbsp;&nbsp; Handschutz gegen Wind und Wetter, aber auch bei St\u00fcrzen als Schutz f\u00fcr Berms- und Kupplungshebel<\/p>\n<p>Werkzeug und Ersatzteile f\u00fcr das Motorrad, da praktisch alle Schwachstellen bekannt sind.<\/p>\n<hr>\n<p><strong>Fotoausr\u00fcstung:<\/strong><\/p>\n<p>Canon EOS 400 D mit Canon EF-S 18-135 mm f\/ 3,5-5,6 IS<\/p>\n<p>Panasonic DMC-FH 20<\/p>\n<p>GoPro Hero 2<\/p>\n<p>&nbsp;<\/p>\n","protected":false},"excerpt":{"rendered":"<p>&#8212;&#8212;&#8212;&#8212;&#8212; seit 2012 &#8212;&#8212;&#8212;- Motorrad BMW R 1200 GS Adventure&nbsp; &#8211;&nbsp; Perla Negra II Baujahr:&nbsp;&nbsp;&nbsp;&nbsp;&nbsp;&nbsp;&nbsp; 2012 Hubraum:&nbsp;&nbsp;&nbsp; 1170 cm\u00b3 Leistung:&nbsp;&nbsp;&nbsp;&nbsp; 81 \/ 110&nbsp; kW\/ PS Drehmom.:&nbsp; 120 Nm bei 6.000 min\u22121 Kilometerstand: 168.000 km (Oktober 2022) Foto- und Filmausr\u00fcstung: Canon EOS 6 D mit Canon EF 24-105mm f\/4L IS und Canon EF 70-200mm, dazu den &hellip; <\/p>\n<p class=\"link-more\"><a href=\"https:\/\/www.alteisenaufreisen.de\/?page_id=22\" class=\"more-link\"><span class=\"screen-reader-text\">\u201eAusr\u00fcstung\u201c<\/span> weiterlesen<\/a><\/p>\n","protected":false},"author":2,"featured_media":0,"parent":0,"menu_order":0,"comment_status":"open","ping_status":"open","template":"","meta":{"ngg_post_thumbnail":0,"footnotes":""},"class_list":["post-22","page","type-page","status-publish","hentry"],"jetpack_sharing_enabled":true,"_links":{"self":[{"href":"https:\/\/www.alteisenaufreisen.de\/index.php?rest_route=\/wp\/v2\/pages\/22","targetHints":{"allow":["GET"]}}],"collection":[{"href":"https:\/\/www.alteisenaufreisen.de\/index.php?rest_route=\/wp\/v2\/pages"}],"about":[{"href":"https:\/\/www.alteisenaufreisen.de\/index.php?rest_route=\/wp\/v2\/types\/page"}],"author":[{"embeddable":true,"href":"https:\/\/www.alteisenaufreisen.de\/index.php?rest_route=\/wp\/v2\/users\/2"}],"replies":[{"embeddable":true,"href":"https:\/\/www.alteisenaufreisen.de\/index.php?rest_route=%2Fwp%2Fv2%2Fcomments&post=22"}],"version-history":[{"count":26,"href":"https:\/\/www.alteisenaufreisen.de\/index.php?rest_route=\/wp\/v2\/pages\/22\/revisions"}],"predecessor-version":[{"id":51587,"href":"https:\/\/www.alteisenaufreisen.de\/index.php?rest_route=\/wp\/v2\/pages\/22\/revisions\/51587"}],"wp:attachment":[{"href":"https:\/\/www.alteisenaufreisen.de\/index.php?rest_route=%2Fwp%2Fv2%2Fmedia&parent=22"}],"curies":[{"name":"wp","href":"https:\/\/api.w.org\/{rel}","templated":true}]}}